{"id":8,"date":"2023-07-04T17:31:12","date_gmt":"2023-07-04T15:31:12","guid":{"rendered":"http:\/\/voyagera.fr\/?page_id=8"},"modified":"2023-08-08T11:50:27","modified_gmt":"2023-08-08T09:50:27","slug":"about","status":"publish","type":"page","link":"https:\/\/voyagera.fr\/index.php\/about\/","title":{"rendered":""},"content":{"rendered":"\n<div class=\"wp-block-cover alignfull is-light\"><span aria-hidden=\"true\" class=\"wp-block-cover__background has-white-background-color has-background-dim-100 has-background-dim\"><\/span><div class=\"wp-block-cover__inner-container is-layout-flow wp-block-cover-is-layout-flow\">\n<div class=\"wp-block-media-text alignwide is-stacked-on-mobile has-black-color has-text-color\" style=\"grid-template-columns:39% auto\"><figure class=\"wp-block-media-text__media\"><img loading=\"lazy\" decoding=\"async\" width=\"768\" height=\"1024\" src=\"http:\/\/voyagera.fr\/wp-content\/uploads\/2023\/07\/IMG_9470-3-768x1024.jpeg\" alt=\"\" class=\"wp-image-79 size-full\" srcset=\"https:\/\/voyagera.fr\/wp-content\/uploads\/2023\/07\/IMG_9470-3-768x1024.jpeg 768w, https:\/\/voyagera.fr\/wp-content\/uploads\/2023\/07\/IMG_9470-3-225x300.jpeg 225w, https:\/\/voyagera.fr\/wp-content\/uploads\/2023\/07\/IMG_9470-3-1152x1536.jpeg 1152w, https:\/\/voyagera.fr\/wp-content\/uploads\/2023\/07\/IMG_9470-3-1536x2048.jpeg 1536w, https:\/\/voyagera.fr\/wp-content\/uploads\/2023\/07\/IMG_9470-3-2000x2667.jpeg 2000w, https:\/\/voyagera.fr\/wp-content\/uploads\/2023\/07\/IMG_9470-3-scaled.jpeg 1920w\" sizes=\"auto, (max-width: 768px) 100vw, 768px\" \/><\/figure><div class=\"wp-block-media-text__content\">\n<p class=\"has-black-color has-text-color has-medium-font-size\"><strong>VOYAGERA ET MOI<\/strong><\/p>\n\n\n\n<p class=\"has-black-color has-text-color\">Apr\u00e8s de long p\u00e9riples \u00e0 travers le monde, j&rsquo;ai d\u00e9cid\u00e9 de faire de ma passion un m\u00e9tier, c&rsquo;est de la que Voyagera a vu le jour. J&rsquo;ai toujours aim\u00e9 organiser mes propres voyages, chercher des informations sur ma future destination, et trouver des bons plans.<\/p>\n<\/div><\/div>\n<\/div><\/div>\n\n\n\n<div class=\"wp-block-cover alignfull is-light\"><span aria-hidden=\"true\" class=\"wp-block-cover__background has-background-dim-100 has-background-dim\" style=\"background-color:#0bb4aa\"><\/span><div class=\"wp-block-cover__inner-container is-layout-flow wp-block-cover-is-layout-flow\">\n<div class=\"wp-block-media-text alignwide has-media-on-the-right is-stacked-on-mobile\" style=\"grid-template-columns:auto 39%\"><div class=\"wp-block-media-text__content\">\n<p class=\"has-text-align-right has-white-color has-text-color has-medium-font-size\"><strong>MA PHILOSOPHIE<\/strong><\/p>\n\n\n\n<p class=\"has-text-align-right has-white-color has-text-color\">Pour moi, le voyage est une mani\u00e8re de se d\u00e9couvrir soi-m\u00eame, chaque voyage nous am\u00e8ne dans une aventure de vie. Mon but est de faire de vos voyages une aventure unique que vous soyez plut\u00f4t farniente ou explorateur ! <\/p>\n<\/div><figure class=\"wp-block-media-text__media\"><img decoding=\"async\" src=\"http:\/\/voyagera.fr\/wp-content\/uploads\/2023\/07\/IMG_8290-768x1024.jpeg\" alt=\"\" class=\"wp-image-80 size-full\"\/><\/figure><\/div>\n<\/div><\/div>\n\n\n\n<div class=\"wp-block-cover alignfull is-light\"><span aria-hidden=\"true\" class=\"wp-block-cover__background has-white-background-color has-background-dim-100 has-background-dim\"><\/span><div class=\"wp-block-cover__inner-container is-layout-flow wp-block-cover-is-layout-flow\">\n<div class=\"wp-block-media-text alignwide is-stacked-on-mobile\" style=\"grid-template-columns:40% auto\"><figure class=\"wp-block-media-text__media\"><img loading=\"lazy\" decoding=\"async\" width=\"768\" height=\"1024\" src=\"http:\/\/voyagera.fr\/wp-content\/uploads\/2023\/07\/IMG_2089-768x1024.jpeg\" alt=\"\" class=\"wp-image-81 size-full\" srcset=\"https:\/\/voyagera.fr\/wp-content\/uploads\/2023\/07\/IMG_2089-768x1024.jpeg 768w, https:\/\/voyagera.fr\/wp-content\/uploads\/2023\/07\/IMG_2089-225x300.jpeg 225w, https:\/\/voyagera.fr\/wp-content\/uploads\/2023\/07\/IMG_2089-1152x1536.jpeg 1152w, https:\/\/voyagera.fr\/wp-content\/uploads\/2023\/07\/IMG_2089-1536x2048.jpeg 1536w, https:\/\/voyagera.fr\/wp-content\/uploads\/2023\/07\/IMG_2089-2000x2667.jpeg 2000w, https:\/\/voyagera.fr\/wp-content\/uploads\/2023\/07\/IMG_2089-scaled.jpeg 1920w\" sizes=\"auto, (max-width: 768px) 100vw, 768px\" \/><\/figure><div class=\"wp-block-media-text__content\">\n<p class=\"has-black-color has-text-color has-medium-font-size\"><strong>MES SERVICES<\/strong><\/p>\n\n\n\n<p class=\"has-black-color has-text-color\">Avec Voyagera je vous propose d&rsquo;organiser selon plusieurs formules afin de vous accompagner au mieux dans la conception de votre voyage. Chaque formule correspond \u00e0 un type de voyage pour que je puisse cerner au mieux votre demande.<\/p>\n<\/div><\/div>\n<\/div><\/div>\n","protected":false},"excerpt":{"rendered":"","protected":false},"author":1,"featured_media":59,"parent":0,"menu_order":0,"comment_status":"closed","ping_status":"closed","template":"","meta":{"footnotes":""},"class_list":["post-8","page","type-page","status-publish","has-post-thumbnail","hentry"],"_links":{"self":[{"href":"https:\/\/voyagera.fr\/index.php\/wp-json\/wp\/v2\/pages\/8","targetHints":{"allow":["GET"]}}],"collection":[{"href":"https:\/\/voyagera.fr\/index.php\/wp-json\/wp\/v2\/pages"}],"about":[{"href":"https:\/\/voyagera.fr\/index.php\/wp-json\/wp\/v2\/types\/page"}],"author":[{"embeddable":true,"href":"https:\/\/voyagera.fr\/index.php\/wp-json\/wp\/v2\/users\/1"}],"replies":[{"embeddable":true,"href":"https:\/\/voyagera.fr\/index.php\/wp-json\/wp\/v2\/comments?post=8"}],"version-history":[{"count":9,"href":"https:\/\/voyagera.fr\/index.php\/wp-json\/wp\/v2\/pages\/8\/revisions"}],"predecessor-version":[{"id":275,"href":"https:\/\/voyagera.fr\/index.php\/wp-json\/wp\/v2\/pages\/8\/revisions\/275"}],"wp:featuredmedia":[{"embeddable":true,"href":"https:\/\/voyagera.fr\/index.php\/wp-json\/wp\/v2\/media\/59"}],"wp:attachment":[{"href":"https:\/\/voyagera.fr\/index.php\/wp-json\/wp\/v2\/media?parent=8"}],"curies":[{"name":"wp","href":"https:\/\/api.w.org\/{rel}","templated":true}]}}