{"id":65,"date":"2023-07-07T14:29:24","date_gmt":"2023-07-07T12:29:24","guid":{"rendered":"http:\/\/voyagera.fr\/?page_id=65"},"modified":"2025-03-03T14:12:31","modified_gmt":"2025-03-03T13:12:31","slug":"mes-services","status":"publish","type":"page","link":"https:\/\/voyagera.fr\/index.php\/mes-services\/","title":{"rendered":"Mes services"},"content":{"rendered":"\n<p class=\"has-text-align-center has-medium-font-size\"><\/p>\n\n\n\n<div class=\"wp-block-columns alignfull is-layout-flex wp-container-core-columns-is-layout-28f84493 wp-block-columns-is-layout-flex\">\n<div class=\"wp-block-column is-layout-flow wp-block-column-is-layout-flow\">\n<div class=\"wp-block-cover is-light has-parallax\" style=\"min-height:418px;aspect-ratio:unset;\"><span aria-hidden=\"true\" class=\"wp-block-cover__background has-background-dim-30 has-background-dim\"><\/span><div class=\"wp-block-cover__image-background wp-image-224 has-parallax\" style=\"background-position:50% 50%;background-image:url(http:\/\/voyagera.fr\/wp-content\/uploads\/2023\/08\/nyc5-scaled.jpg)\"><\/div><div class=\"wp-block-cover__inner-container is-layout-flow wp-block-cover-is-layout-flow\">\n<p class=\"has-text-align-center has-large-font-size\"><\/p>\n<\/div><\/div>\n<\/div>\n\n\n\n<div class=\"wp-block-column is-layout-flow wp-block-column-is-layout-flow\">\n<h2 class=\"wp-block-heading has-text-align-center\">ESCAPADE<br><strong>2 \u00e0 7 jours<\/strong><\/h2>\n\n\n\n<p class=\"has-text-align-center\">Envie d&rsquo;un city-trip ? de vacances en mode d\u00e9couverte ou relax ?<\/p>\n\n\n\n<p>Cette formule est con\u00e7ue pour les <strong>courts s\u00e9jours<\/strong> ou les <strong>City Trip<\/strong> allant de 2 \u00e0 7 jours pour 4 personnes maximum.<\/p>\n\n\n\n<p class=\"has-text-align-center has-medium-font-size\"><strong>Devis sur mesure<\/strong><\/p>\n\n\n\n<p class=\"has-small-font-size\"><em>Inclus : recherche des transports, 3 propositions d&rsquo;h\u00e9bergements par \u00e9tape, s\u00e9lection d&rsquo;activit\u00e9s, itin\u00e9raire et programme sur mesure, recherche de bons plans, calcul du budget pr\u00e9visionnel, carte interactive et carnet de voyage en PDF.<\/em><\/p>\n\n\n\n<div class=\"wp-block-buttons has-custom-font-size has-small-font-size is-content-justification-center is-layout-flex wp-container-core-buttons-is-layout-a89b3969 wp-block-buttons-is-layout-flex\">\n<div class=\"wp-block-button\"><a class=\"wp-block-button__link has-background wp-element-button\" href=\"http:\/\/voyagera.fr\/index.php\/page-d-exemple\/\" style=\"background-color:#00b4aa\">Contactez-moi<\/a><\/div>\n<\/div>\n<\/div>\n<\/div>\n\n\n\n<div class=\"wp-block-columns alignfull is-layout-flex wp-container-core-columns-is-layout-28f84493 wp-block-columns-is-layout-flex\">\n<div class=\"wp-block-column is-layout-flow wp-block-column-is-layout-flow\">\n<h2 class=\"wp-block-heading has-text-align-center\">AVENTURE<br>8 \u00e0 21 jours<\/h2>\n\n\n\n<p class=\"has-text-align-center\">Envie de partir en voyage \u00e0 l&rsquo;autre bout du monde ou un circuit \u00e0 travers l&rsquo;Europe ?<\/p>\n\n\n\n<p class=\"has-text-align-right\"> Cette formule est con\u00e7ue pour les <strong>s\u00e9jours<\/strong> et <strong>circuits<\/strong>, incluant une ou plusieurs destinations allant de 8 \u00e0 21 jours pour 4 personnes maximum.<\/p>\n\n\n\n<p class=\"has-text-align-center has-medium-font-size\"><strong>Devis sur mesure<\/strong><\/p>\n\n\n\n<p class=\"has-text-align-right has-small-font-size\"><em>Inclus : recherche des transports, 3 propositions d&rsquo;h\u00e9bergements par \u00e9tape, s\u00e9lection d&rsquo;activit\u00e9s, itin\u00e9raire et programme sur mesure, recherche de bons plans, calcul du budget pr\u00e9visionnel, carte interactive et carnet de voyage en PDF<\/em> et papier.<\/p>\n\n\n\n<div class=\"wp-block-buttons has-custom-font-size has-small-font-size is-content-justification-center is-layout-flex wp-container-core-buttons-is-layout-a89b3969 wp-block-buttons-is-layout-flex\">\n<div class=\"wp-block-button\"><a class=\"wp-block-button__link has-background wp-element-button\" href=\"http:\/\/voyagera.fr\/index.php\/page-d-exemple\/\" style=\"background-color:#00b4aa\">Contactez-moi<\/a><\/div>\n<\/div>\n<\/div>\n\n\n\n<div class=\"wp-block-column is-layout-flow wp-block-column-is-layout-flow\">\n<div class=\"wp-block-cover is-light has-parallax\"><span aria-hidden=\"true\" class=\"wp-block-cover__background has-background-dim-30 has-background-dim\"><\/span><div class=\"wp-block-cover__image-background wp-image-242 has-parallax\" style=\"background-position:50% 50%;background-image:url(http:\/\/voyagera.fr\/wp-content\/uploads\/2023\/08\/caraibes-3-scaled.jpg)\"><\/div><div class=\"wp-block-cover__inner-container is-layout-flow wp-block-cover-is-layout-flow\">\n<p class=\"has-text-align-center has-large-font-size\"><\/p>\n<\/div><\/div>\n<\/div>\n<\/div>\n\n\n\n<div class=\"wp-block-columns alignfull is-layout-flex wp-container-core-columns-is-layout-28f84493 wp-block-columns-is-layout-flex\">\n<div class=\"wp-block-column is-layout-flow wp-block-column-is-layout-flow\">\n<div class=\"wp-block-cover is-light has-parallax\"><span aria-hidden=\"true\" class=\"wp-block-cover__background has-background-dim\"><\/span><div class=\"wp-block-cover__image-background wp-image-247 has-parallax\" style=\"background-position:50% 50%;background-image:url(http:\/\/voyagera.fr\/wp-content\/uploads\/2023\/08\/pexels-quintin-gellar-844167-scaled.jpg)\"><\/div><div class=\"wp-block-cover__inner-container is-layout-flow wp-block-cover-is-layout-flow\">\n<p class=\"has-text-align-center has-large-font-size\"><\/p>\n<\/div><\/div>\n<\/div>\n\n\n\n<div class=\"wp-block-column is-layout-flow wp-block-column-is-layout-flow\">\n<h2 class=\"wp-block-heading has-text-align-center\">ROAD TRIP<\/h2>\n\n\n\n<p class=\"has-text-align-center\">Envie de d\u00e9couvrir les road trips en van, camping car ou v\u00e9lo ?<\/p>\n\n\n\n<p>Cette formule est con\u00e7ue pour les <strong>road trips<\/strong>. Elle est adapt\u00e9e en fonction de la dur\u00e9e du s\u00e9jour et du moyen de transport choisi.<\/p>\n\n\n\n<p class=\"has-text-align-center has-medium-font-size\"><strong>Devis sur mesure<\/strong><\/p>\n\n\n\n<p class=\"has-small-font-size\">Inclus : recherche des transports, proposition d&rsquo;h\u00e9bergements et bivouacs, s\u00e9lection d&rsquo;activit\u00e9s, cr\u00e9ation d&rsquo;un itin\u00e9raire, bons plans, calcul du budget pr\u00e9visionnel, carte interactive et carnet de voyage en PDF et papier.<\/p>\n\n\n\n<div class=\"wp-block-buttons is-content-justification-center is-layout-flex wp-container-core-buttons-is-layout-a89b3969 wp-block-buttons-is-layout-flex\">\n<div class=\"wp-block-button has-custom-font-size has-small-font-size\"><a class=\"wp-block-button__link has-background wp-element-button\" href=\"http:\/\/voyagera.fr\/index.php\/page-d-exemple\/\" style=\"background-color:#00b4aa\">Contactez-moi<\/a><\/div>\n<\/div>\n<\/div>\n<\/div>\n\n\n\n<div class=\"wp-block-columns alignfull is-layout-flex wp-container-core-columns-is-layout-28f84493 wp-block-columns-is-layout-flex\">\n<div class=\"wp-block-column is-layout-flow wp-block-column-is-layout-flow\">\n<h2 class=\"wp-block-heading has-text-align-center\">SPECIALE<\/h2>\n\n\n\n<p class=\"has-text-align-center\">Envie de voyage pour un \u00e9v\u00e9nement sp\u00e9cial ?<br>EVJF ? S\u00e9minaire ? Cousinade ? Voyage de groupe ?<\/p>\n\n\n\n<p class=\"has-text-align-right\">Cette formule est con\u00e7ue pour toutes les <strong>demandes sp\u00e9ciales<\/strong> qui ne correspondent pas aux formules pr\u00e9c\u00e9dentes. Elle sera adapt\u00e9e en fonction du projet.<\/p>\n\n\n\n<p class=\"has-text-align-center has-medium-font-size\"><strong>Devis sur mesure<\/strong><\/p>\n\n\n\n<p class=\"has-text-align-right has-small-font-size\"><em>Inclus : recherche des transports, proposition d&rsquo;h\u00e9bergements, s\u00e9lection d&rsquo;activit\u00e9s, cr\u00e9ation d&rsquo;un itin\u00e9raire, bons plans, calcul du budget pr\u00e9visionnel, carte interactive et carnet de voyage en PDF et papier.<\/em><\/p>\n\n\n\n<div class=\"wp-block-buttons is-content-justification-center is-layout-flex wp-container-core-buttons-is-layout-a89b3969 wp-block-buttons-is-layout-flex\">\n<div class=\"wp-block-button has-custom-font-size has-small-font-size\"><a class=\"wp-block-button__link has-background wp-element-button\" href=\"http:\/\/voyagera.fr\/index.php\/page-d-exemple\/\" style=\"background-color:#00b4aa\">Contactez-moi<\/a><\/div>\n<\/div>\n<\/div>\n\n\n\n<div class=\"wp-block-column is-layout-flow wp-block-column-is-layout-flow\">\n<div class=\"wp-block-cover has-parallax\"><span aria-hidden=\"true\" class=\"wp-block-cover__background has-background-dim-30 has-background-dim\"><\/span><div class=\"wp-block-cover__image-background wp-image-249 has-parallax\" style=\"background-position:50% 50%;background-image:url(http:\/\/voyagera.fr\/wp-content\/uploads\/2023\/08\/pexels-helena-lopes-4279117-scaled.jpg)\"><\/div><div class=\"wp-block-cover__inner-container is-layout-flow wp-block-cover-is-layout-flow\">\n<p class=\"has-text-align-center has-large-font-size\"><\/p>\n<\/div><\/div>\n<\/div>\n<\/div>\n","protected":false},"excerpt":{"rendered":"<p>ESCAPADE2 \u00e0 7 jours Envie d&rsquo;un city-trip ? de vacances en mode d\u00e9couverte ou relax ? Cette formule est con\u00e7ue pour les courts s\u00e9jours ou les City Trip allant de 2 \u00e0 7 jours pour 4 personnes maximum. Devis sur mesure Inclus : recherche des transports, 3 propositions d&rsquo;h\u00e9bergements par \u00e9tape, s\u00e9lection d&rsquo;activit\u00e9s, itin\u00e9raire et &hellip; <\/p>\n<p class=\"link-more\"><a href=\"https:\/\/voyagera.fr\/index.php\/mes-services\/\" class=\"more-link\">Lire la suite de<span class=\"screen-reader-text\">\u00ab\u00a0Mes services\u00a0\u00bb<\/span><\/a><\/p>\n","protected":false},"author":1,"featured_media":69,"parent":0,"menu_order":0,"comment_status":"closed","ping_status":"closed","template":"","meta":{"footnotes":""},"class_list":["post-65","page","type-page","status-publish","has-post-thumbnail","hentry"],"_links":{"self":[{"href":"https:\/\/voyagera.fr\/index.php\/wp-json\/wp\/v2\/pages\/65","targetHints":{"allow":["GET"]}}],"collection":[{"href":"https:\/\/voyagera.fr\/index.php\/wp-json\/wp\/v2\/pages"}],"about":[{"href":"https:\/\/voyagera.fr\/index.php\/wp-json\/wp\/v2\/types\/page"}],"author":[{"embeddable":true,"href":"https:\/\/voyagera.fr\/index.php\/wp-json\/wp\/v2\/users\/1"}],"replies":[{"embeddable":true,"href":"https:\/\/voyagera.fr\/index.php\/wp-json\/wp\/v2\/comments?post=65"}],"version-history":[{"count":50,"href":"https:\/\/voyagera.fr\/index.php\/wp-json\/wp\/v2\/pages\/65\/revisions"}],"predecessor-version":[{"id":285,"href":"https:\/\/voyagera.fr\/index.php\/wp-json\/wp\/v2\/pages\/65\/revisions\/285"}],"wp:featuredmedia":[{"embeddable":true,"href":"https:\/\/voyagera.fr\/index.php\/wp-json\/wp\/v2\/media\/69"}],"wp:attachment":[{"href":"https:\/\/voyagera.fr\/index.php\/wp-json\/wp\/v2\/media?parent=65"}],"curies":[{"name":"wp","href":"https:\/\/api.w.org\/{rel}","templated":true}]}}